{"id":1334,"date":"2022-08-02T14:08:06","date_gmt":"2022-08-02T12:08:06","guid":{"rendered":"https:\/\/up-vhs.ch.ownb.it\/datenschutz\/"},"modified":"2025-09-11T13:55:38","modified_gmt":"2025-09-11T11:55:38","slug":"protezione-dei-dati","status":"publish","type":"page","link":"https:\/\/www.up-vhs.ch\/it\/protezione-dei-dati\/","title":{"rendered":"Protezione dei dati"},"content":{"rendered":"<div  class=\"page-section align-default\">\n\t<div\n\t\tclass=\"section-grid grid-layout container\"\n\t\tdata-cqw-container=\"section\"\n\t><div  style=\"--grid-layout-index: 1; --col-xs: 12; --col-sm: 12; --col-md: 12; --col-lg: 12; --col-xl: 12\" class=\"section-item layout-default layout-margin-default\" data-cqw-container=\"column\">\n\t<div class=\"column-content\" data-cqw-query=\"column\/99 column\/lt:99\">\n\t\t<h1 data-start=\"126\" data-end=\"149\">Protezione dei dati<\/h1>\n<p class=\"\" data-start=\"151\" data-end=\"179\"><strong data-start=\"151\" data-end=\"179\">1. Informazione generale<\/strong><\/p>\n<p class=\"\" data-start=\"181\" data-end=\"486\">In base all&#8217;articolo 13 della Costituzione federale svizzera e alle disposizioni della legge federale sulla protezione dei dati (Legge sulla protezione dei dati rivista, nLPD), ogni persona ha diritto alla protezione della propria sfera privata nonch\u00e9 alla tutela contro l\u2019abuso dei propri dati personali.<\/p>\n<p class=\"\" data-start=\"488\" data-end=\"835\">L\u2019Associazione delle Universit\u00e0 Popolari Svizzere (AUPS) protegge i vostri dati personali: li tratta in modo confidenziale e in conformit\u00e0 con le disposizioni di legge sulla protezione dei dati nonch\u00e9 con la presente dichiarazione sulla protezione dei dati. L&#8217;AUPS garantisce che i vostri dati personali non saranno n\u00e9 venduti n\u00e9 trasmessi a terzi.<\/p>\n<p class=\"\" data-start=\"837\" data-end=\"1121\">In collaborazione con i nostri fornitori di hosting per i siti <a class=\"cursor-pointer\" target=\"_new\" rel=\"noopener\" data-start=\"900\" data-end=\"913\">www.up-vhs.ch<\/a> e <a class=\"cursor-pointer\" target=\"_new\" rel=\"noopener\" data-start=\"916\" data-end=\"926\">www.vhs.ch<\/a>, ci impegniamo a proteggere nel miglior modo possibile le banche dati da accessi non autorizzati, perdite, abusi o falsificazioni. L&#8217;AUPS si impegna a collaborare con aziende svizzere o europee.<\/p>\n<p class=\"\" data-start=\"1123\" data-end=\"1138\"><strong data-start=\"1123\" data-end=\"1138\">2. Siti web<\/strong><\/p>\n<p class=\"\" data-start=\"1140\" data-end=\"1415\">I siti <a class=\"cursor-pointer\" target=\"_new\" rel=\"noopener\" data-start=\"1147\" data-end=\"1160\">www.up-vhs.ch<\/a> e <a class=\"cursor-pointer\" target=\"_new\" rel=\"noopener\" data-start=\"1163\" data-end=\"1173\">www.vhs.ch<\/a> utilizzano la crittografia SSL per garantire la sicurezza nella trasmissione di contenuti riservati (riconoscibile tramite l\u2019URL che inizia con: https:\/\u2026). Quando la crittografia SSL \u00e8 attiva, i vostri dati non possono essere letti da terzi.<\/p>\n<p class=\"\" data-start=\"1417\" data-end=\"1587\">I provider dei siti raccolgono dati relativi agli accessi ai siti e li memorizzano sotto forma di file di log del server. I seguenti dati anonimizzati vengono registrati:<\/p>\n<ul data-start=\"1589\" data-end=\"1783\">\n<li class=\"\" data-start=\"1589\" data-end=\"1610\">\n<p class=\"\" data-start=\"1591\" data-end=\"1610\">Sito web visitato<\/p>\n<\/li>\n<li class=\"\" data-start=\"1611\" data-end=\"1638\">\n<p class=\"\" data-start=\"1613\" data-end=\"1638\">Ora e data dell\u2019accesso<\/p>\n<\/li>\n<li class=\"\" data-start=\"1639\" data-end=\"1677\">\n<p class=\"\" data-start=\"1641\" data-end=\"1677\">Quantit\u00e0 di dati trasmessi in byte<\/p>\n<\/li>\n<li class=\"\" data-start=\"1678\" data-end=\"1700\">\n<p class=\"\" data-start=\"1680\" data-end=\"1700\">Browser utilizzato<\/p>\n<\/li>\n<li class=\"\" data-start=\"1701\" data-end=\"1733\">\n<p class=\"\" data-start=\"1703\" data-end=\"1733\">Sistema operativo utilizzato<\/p>\n<\/li>\n<li class=\"\" data-start=\"1734\" data-end=\"1754\">\n<p class=\"\" data-start=\"1736\" data-end=\"1754\">Paese di origine<\/p>\n<\/li>\n<li class=\"\" data-start=\"1755\" data-end=\"1783\">\n<p class=\"\" data-start=\"1757\" data-end=\"1783\">Parole chiave di ricerca<\/p>\n<\/li>\n<\/ul>\n<p class=\"\" data-start=\"1785\" data-end=\"1884\">Questi dati vengono utilizzati esclusivamente per analisi statistiche e per migliorare il sito web.<\/p>\n<p class=\"\" data-start=\"1886\" data-end=\"1903\"><strong data-start=\"1886\" data-end=\"1903\">3. Iscrizioni<\/strong><\/p>\n<p class=\"\" data-start=\"1905\" data-end=\"2260\">Le iscrizioni ai corsi tramite <a class=\"cursor-pointer\" target=\"_new\" rel=\"noopener\" data-start=\"1936\" data-end=\"1946\">www.vhs.ch<\/a> vengono effettuate direttamente sul sito web dell\u2019universit\u00e0 popolare competente. Si tratta di siti web di terzi. Si prega di consultare la relativa informativa sulla privacy. Il sito <a class=\"cursor-pointer\" target=\"_new\" rel=\"noopener\" data-start=\"2131\" data-end=\"2141\">www.vhs.ch<\/a> serve solo come piattaforma per raccogliere e pubblicare corsi di vari fornitori. Non vengono raccolti dati personali.<\/p>\n<p class=\"\" data-start=\"2262\" data-end=\"2727\">Le iscrizioni agli eventi tramite <a class=\"cursor-pointer\" target=\"_new\" rel=\"noopener\" data-start=\"2296\" data-end=\"2309\">www.up-vhs.ch<\/a> vengono gestite dall&#8217; AUPS. I dati raccolti dei partecipanti vengono trasmessi al sistema di amministrazione dell&#8217;AUPS e non sono memorizzati presso il provider di hosting del sito. Il sistema di amministrazione conserva per ogni partecipante le informazioni relative ai corsi frequentati, agli interessi e alle conferme di partecipazione. Le persone registrate vengono automaticamente aggiunte alle relative mailing list.<\/p>\n<p class=\"\" data-start=\"2729\" data-end=\"2760\"><strong data-start=\"2729\" data-end=\"2760\">4. Membri dell\u2019associazione<\/strong><\/p>\n<p class=\"\" data-start=\"2762\" data-end=\"3101\">I membri dell\u2019associazione sono scuole che condividono gli obiettivi dell&#8217;AUPS. L&#8217;AUPS conserva i dati ricevuti dalle varie universit\u00e0 popolari. Queste informazioni vengono aggiornate annualmente. Le newsletter dell\u2019associazione vengono inviate automaticamente alle direzioni e ai presidenti dei comitati direttivi delle universit\u00e0 popolari.<\/p>\n<p class=\"\" data-start=\"3103\" data-end=\"3299\">Gli indirizzi e-mail dei membri dell\u2019associazione vengono utilizzati durante le assemblee per consentire l\u2019accesso al cloud dell\u2019associazione, dove \u00e8 possibile consultare documenti e informazioni.<\/p>\n<p class=\"\" data-start=\"3301\" data-end=\"3456\">I verbali delle assemblee, contenenti i nomi delle direzioni e dei presidenti presenti, sono disponibili su <a class=\"cursor-pointer\" target=\"_new\" rel=\"noopener\" data-start=\"3409\" data-end=\"3422\">www.up-vhs.ch<\/a> con accesso protetto da password.<\/p>\n<p class=\"\" data-start=\"3458\" data-end=\"3664\">Sul sito <a class=\"cursor-pointer\" target=\"_new\" rel=\"noopener\" data-start=\"3467\" data-end=\"3480\">www.up-vhs.ch<\/a> vengono pubblicati nome, numero di telefono, e-mail di contatto e sito web di tutte le universit\u00e0 popolari.<br \/>\nSi ricorda che i dati aziendali non sono soggetti alla protezione dei dati.<\/p>\n<p class=\"\" data-start=\"3666\" data-end=\"3685\"><strong data-start=\"3666\" data-end=\"3685\">5. Social media<\/strong><\/p>\n<p class=\"\" data-start=\"3687\" data-end=\"3811\">L&#8217;AUPS pubblica blog su eventi tramite Facebook, Instagram e LinkedIn, previo consenso delle persone eventualmente nominate.<\/p>\n<p class=\"\" data-start=\"3813\" data-end=\"3827\"><strong data-start=\"3813\" data-end=\"3827\">6. Docenti<\/strong><\/p>\n<p class=\"\" data-start=\"3829\" data-end=\"4069\">I dati personali dei docenti che tengono corsi per conto dell&#8217;AUPS vengono memorizzati nel nostro sistema amministrativo, insieme all\u2019elenco degli eventi svolti e non svolti. I docenti ricevono automaticamente la newsletter dell\u2019associazione.<\/p>\n<p class=\"\" data-start=\"4071\" data-end=\"4272\">Curriculum vitae, descrizioni dei corsi, materiali didattici e valutazioni dei corsi da parte dei partecipanti vengono conservati in un cloud situato in Svizzera. I dati vengono conservati per 10 anni.<\/p>\n<p class=\"\" data-start=\"4274\" data-end=\"4335\"><strong data-start=\"4274\" data-end=\"4335\">7. Accesso ai dati personali e diritto alla cancellazione<\/strong><\/p>\n<p class=\"\" data-start=\"4337\" data-end=\"4577\">\u00c8 possibile in qualsiasi momento richiedere informazioni sui propri dati personali o chiederne la cancellazione scrivendo a <a class=\"cursor-pointer\" rel=\"noopener\" data-start=\"4461\" data-end=\"4475\">info@up-vhs.ch<\/a>. La cancellazione \u00e8 possibile solo se non esistono obblighi di conservazione (fatture, controversie).<\/p>\n<p class=\"\" data-start=\"4579\" data-end=\"4625\"><strong data-start=\"4579\" data-end=\"4625\">8. Modifiche all\u2019informativa sulla privacy<\/strong><\/p>\n<p class=\"\" data-start=\"4627\" data-end=\"4819\">L&#8217;AUPS si riserva il diritto di modificare la presente informativa sulla privacy in qualsiasi momento senza preavviso. Fa fede la versione attualmente pubblicata su <a class=\"cursor-pointer\" target=\"_new\" rel=\"noopener\" data-start=\"4792\" data-end=\"4805\">www.up-vhs.ch<\/a> e <a class=\"cursor-pointer\" target=\"_new\" rel=\"noopener\" data-start=\"4808\" data-end=\"4818\">www.vhs.ch<\/a>.<\/p>\n<p class=\"\" data-start=\"4821\" data-end=\"4861\"><strong data-start=\"4821\" data-end=\"4861\">9. Domande sulla protezione dei dati<\/strong><\/p>\n<p class=\"\" data-start=\"4863\" data-end=\"5041\">In caso di domande relative alla protezione dei dati, vi preghiamo di contattare <a class=\"cursor-pointer\" rel=\"noopener\" data-start=\"4944\" data-end=\"4960\">office@up-vhs.ch<\/a>. La persona responsabile della protezione dei dati \u00e8 Marc Herkenrath, direttore.<\/p>\n<p class=\"\" data-start=\"5043\" data-end=\"5125\"><strong data-start=\"5043\" data-end=\"5065\">Zurigo, 14.08.2023<\/strong><br data-start=\"5065\" data-end=\"5068\" \/><strong data-start=\"5068\" data-end=\"5125\">Associazione delle Universit\u00e0 Popolari Svizzere (AUPS)<\/strong><\/p>\n\n\n<div class=\"buttons\">\n\t<div class=\"button-group\">\n\n\t\t\t<a\n\t\t\t\thref=\"#consent-manager\" class=\"button style-default with-arrow\"\n\t\t\t>\n\t\t\t\tImpostazioni sulla privacy\n\t\t\t<\/a>\n\t<\/div>\n<\/div>\n\n\t<\/div>\n<\/div><\/div>\n<\/div>","protected":false},"excerpt":{"rendered":"<p>Protezione dei dati 1. Informazione generale In base all&#8217;articolo 13 della Costituzione federale svizzera e alle disposizioni della legge federale sulla protezione dei dati (Legge sulla protezione dei dati rivista, nLPD), ogni persona ha diritto alla protezione della propria sfera privata nonch\u00e9 alla tutela contro l\u2019abuso dei propri dati personali. L\u2019Associazione delle Universit\u00e0 Popolari Svizzere [&hellip;]<\/p>\n","protected":false},"author":1,"featured_media":0,"parent":0,"menu_order":0,"comment_status":"closed","ping_status":"closed","template":"","meta":{"_acf_changed":false,"inline_featured_image":false,"footnotes":""},"class_list":["post-1334","page","type-page","status-publish","hentry"],"acf":[],"_links":{"self":[{"href":"https:\/\/www.up-vhs.ch\/it\/wp-json\/wp\/v2\/pages\/1334","targetHints":{"allow":["GET"]}}],"collection":[{"href":"https:\/\/www.up-vhs.ch\/it\/wp-json\/wp\/v2\/pages"}],"about":[{"href":"https:\/\/www.up-vhs.ch\/it\/wp-json\/wp\/v2\/types\/page"}],"author":[{"embeddable":true,"href":"https:\/\/www.up-vhs.ch\/it\/wp-json\/wp\/v2\/users\/1"}],"replies":[{"embeddable":true,"href":"https:\/\/www.up-vhs.ch\/it\/wp-json\/wp\/v2\/comments?post=1334"}],"version-history":[{"count":4,"href":"https:\/\/www.up-vhs.ch\/it\/wp-json\/wp\/v2\/pages\/1334\/revisions"}],"predecessor-version":[{"id":5019,"href":"https:\/\/www.up-vhs.ch\/it\/wp-json\/wp\/v2\/pages\/1334\/revisions\/5019"}],"wp:attachment":[{"href":"https:\/\/www.up-vhs.ch\/it\/wp-json\/wp\/v2\/media?parent=1334"}],"curies":[{"name":"wp","href":"https:\/\/api.w.org\/{rel}","templated":true}]}}