{"id":1264,"date":"2022-08-02T14:31:27","date_gmt":"2022-08-02T12:31:27","guid":{"rendered":"https:\/\/up-vhs.ch.ownb.it\/impressum\/"},"modified":"2025-05-08T15:35:29","modified_gmt":"2025-05-08T13:35:29","slug":"mentions-legales","status":"publish","type":"page","link":"https:\/\/www.up-vhs.ch\/fr\/mentions-legales\/","title":{"rendered":"Mentions l\u00e9gales"},"content":{"rendered":"<div  class=\"page-section align-default\">\n\t<div\n\t\tclass=\"section-grid grid-layout container\"\n\t\tdata-cqw-container=\"section\"\n\t><div  style=\"--grid-layout-index: 1; --col-xs: 12; --col-sm: 12; --col-md: 12; --col-lg: 12; --col-xl: 12\" class=\"section-item layout-default layout-margin-default\" data-cqw-container=\"column\">\n\t<div class=\"column-content\" data-cqw-query=\"column\/99 column\/lt:99\">\n\t\t<h1>Mentions l\u00e9gales<\/h1>\n<h2>Adresse postale<\/h2>\n<p>Association des Universit\u00e9s Populaires Suisses<br \/>\nHohlstr. 290<br \/>\n8004 Zurich<\/p>\n\n<h2>Mise en \u0153uvre<\/h2>\n\n\n\t<a href=\"https:\/\/ownbit.agency\/\" target=\"_blank\" rel=\"noopener\">\n\n\t\t\t\t\t\t\t\t<img loading=\"lazy\" decoding=\"async\" width=\"300\" height=\"73\" src=\"https:\/\/www.up-vhs.ch\/wp-content\/uploads\/ownbit-webdesign.svg\" class=\"wpce-image\" alt=\"\" \/>\n\n\t<\/a>\n\n\n<p><a href=\"https:\/\/ownbit.agency\">Concept, webdesign et d\u00e9veloppement web by OWNBIT GmbH<\/a><\/p>\n\n<h2>Clause de non-responsabilit\u00e9<\/h2>\n<p>Nous n&#8217;assumons aucune responsabilit\u00e9 quant \u00e0 l&#8217;exactitude, la pr\u00e9cision, l&#8217;actualit\u00e9, la fiabilit\u00e9 et l&#8217;exhaustivit\u00e9 du contenu des informations. Nous ne saurions \u00eatre tenus responsables des dommages mat\u00e9riels ou immat\u00e9riels qui pourraient \u00eatre caus\u00e9s par l&#8217;acc\u00e8s aux informations diffus\u00e9es ou par leur utilisation ou non-utilisation, par le mauvais usage de la connexion ou par des probl\u00e8mes techniques. Toutes les offres sont sans engagement. L&#8217;auteur se r\u00e9serve express\u00e9ment le droit de modifier, de compl\u00e9ter ou de supprimer des parties de pages ou l&#8217;ensemble de l&#8217;offre sans avis pr\u00e9alable, ou d&#8217;en suspendre temporairement ou d\u00e9finitivement la publication.<\/p>\n\n<h2>Responsabilit\u00e9 pour les liens<\/h2>\n<p>Les renvois et liens vers des sites web de tiers ne rel\u00e8vent pas de notre responsabilit\u00e9. Nous d\u00e9clinons toute responsabilit\u00e9 pour de tels sites Internet. L&#8217;acc\u00e8s \u00e0 de tels sites et leur utilisation se font aux risques et p\u00e9rils de l&#8217;utilisateur ou de l&#8217;utilisatrice.<\/p>\n\n<h2>Droits d&#8217;auteur<\/h2>\n<p>Les droits d&#8217;auteur et tous les autres droits li\u00e9s aux contenus, images, photos ou autres fichiers pr\u00e9sents sur le site web appartiennent \u00e0 et ou aux titulaires des droits respectifs. L&#8217;autorisation \u00e9crite des d\u00e9tenteurs des droits d&#8217;auteur doit \u00eatre obtenue au pr\u00e9alable pour la reproduction de tout \u00e9l\u00e9ment.<\/p>\n\n\t<\/div>\n<\/div><\/div>\n<\/div>","protected":false},"excerpt":{"rendered":"<p>Mentions l\u00e9gales Adresse postale Association des Universit\u00e9s Populaires Suisses Hohlstr. 290 8004 Zurich Mise en \u0153uvre Concept, webdesign et d\u00e9veloppement web by OWNBIT GmbH Clause de non-responsabilit\u00e9 Nous n&#8217;assumons aucune responsabilit\u00e9 quant \u00e0 l&#8217;exactitude, la pr\u00e9cision, l&#8217;actualit\u00e9, la fiabilit\u00e9 et l&#8217;exhaustivit\u00e9 du contenu des informations. Nous ne saurions \u00eatre tenus responsables des dommages mat\u00e9riels ou [&hellip;]<\/p>\n","protected":false},"author":1,"featured_media":0,"parent":0,"menu_order":0,"comment_status":"closed","ping_status":"closed","template":"","meta":{"_acf_changed":false,"inline_featured_image":false,"footnotes":""},"class_list":["post-1264","page","type-page","status-publish","hentry"],"acf":[],"_links":{"self":[{"href":"https:\/\/www.up-vhs.ch\/fr\/wp-json\/wp\/v2\/pages\/1264","targetHints":{"allow":["GET"]}}],"collection":[{"href":"https:\/\/www.up-vhs.ch\/fr\/wp-json\/wp\/v2\/pages"}],"about":[{"href":"https:\/\/www.up-vhs.ch\/fr\/wp-json\/wp\/v2\/types\/page"}],"author":[{"embeddable":true,"href":"https:\/\/www.up-vhs.ch\/fr\/wp-json\/wp\/v2\/users\/1"}],"replies":[{"embeddable":true,"href":"https:\/\/www.up-vhs.ch\/fr\/wp-json\/wp\/v2\/comments?post=1264"}],"version-history":[{"count":1,"href":"https:\/\/www.up-vhs.ch\/fr\/wp-json\/wp\/v2\/pages\/1264\/revisions"}],"predecessor-version":[{"id":4519,"href":"https:\/\/www.up-vhs.ch\/fr\/wp-json\/wp\/v2\/pages\/1264\/revisions\/4519"}],"wp:attachment":[{"href":"https:\/\/www.up-vhs.ch\/fr\/wp-json\/wp\/v2\/media?parent=1264"}],"curies":[{"name":"wp","href":"https:\/\/api.w.org\/{rel}","templated":true}]}}